{"id":271741,"date":"2020-12-11T11:23:44","date_gmt":"2020-12-11T11:23:44","guid":{"rendered":"https:\/\/www.renovarpapeles.com.mx\/tramites\/home-1\/"},"modified":"2025-04-09T11:32:30","modified_gmt":"2025-04-09T11:32:30","slug":"home-1","status":"publish","type":"page","link":"https:\/\/www.renovarpapeles.com.mx\/tramites\/","title":{"rendered":"Tr\u00e1mites Online M\u00e9xico"},"content":{"rendered":"<p><strong>Renovar Papeles Mexico<\/strong>\u00a0es un reconocido weblog de Tr\u00e1mites Online y servicios en l\u00ednea en M\u00e9xico.\u00a0Encuentra toda la informaci\u00f3n relevante sobre servicios en M\u00e9xico en todos los \u00e1mbitos sociales, econ\u00f3micos, educativos y administrativos a nivel local y estatal.\u00a0Navega en nuestra web <strong>RPMX<\/strong> para encontrar toda la informaci\u00f3n detallada para realizar tus tr\u00e1mites presenciales o en l\u00ednea.<\/p>\n<h1>Tr\u00e1mites Online M\u00e9xico<\/h1>\n<p>\u00a1Estaremos encantados de poder ayudarte!<\/p>\n<h2><a href=\"https:\/\/www.renovarpapeles.com.mx\/tramites\/descargar-comprobantes-de-pago-seph\/\">Comprobantes de Pago SEPH<\/a><\/h2>\n<p>Accede a la plataforma de la Secretar\u00eda de Educaci\u00f3n P\u00fablica del Estado de Hidalgo para consultar e imprimir tus comprobantes de pago SEPH para cada mes y quincena. Deber\u00e1s tener a mano tu RFC o email y acceder al sitio web <strong>comprobantes.seph.gob.mx\u00a0<\/strong>o bien tener instalada tu aplicaci\u00f3n en tu dispositivo m\u00f3vil.<\/p>\n<h2><a href=\"https:\/\/www.renovarpapeles.com.mx\/tramites\/registrarse-a-saeva\/\">SAEVA<\/a><\/h2>\n<p>Registrarse al Sistema Automatizado para la Evaluaci\u00f3n del Aprendizaje conocido como SAEVA es tan sencillo como acceder a su sitio web <strong>saeva.cecytes.edu.mx\u00a0<\/strong>habilitado para los maestro y monitores registrados que hayan obtenido sus c\u00f3digos de ingreso de usuario y contrase\u00f1a. En ocasiones el sistema se haya saturado y es por eso que debes tener paciencia a la hora de ingresar a la plataforma.<\/p>\n<h2><a href=\"https:\/\/www.renovarpapeles.com.mx\/tramites\/siase-edomex\/\">SIASE UANL<\/a><\/h2>\n<p>Para acceder al SIASI conocido\u00a0como el <strong>Sistema Integrantes de Administraci\u00f3n de la Secretaria de Educaci\u00f3n\u00a0<\/strong>deber\u00e1s ser usuario registrado en la plataforma a trav\u00e9s de su sitio web edomex.gob.mx gestionado por el Sistema Educativo.<\/p>\n<p><img decoding=\"async\" src=\"https:\/\/www.renovarpapeles.com.mx\/tramites\/wp-content\/uploads\/2019\/12\/siase-edomex.jpg\" alt=\"siase\" width=\"100%\" height=\"555\" \/><\/p>\n<h2><a href=\"https:\/\/www.renovarpapeles.com.mx\/tramites\/ver-mi-tarjeton-digital-del-imss-para-trabajadores-activos\/\">Tarjet\u00f3n Digital IMSS<\/a><\/h2>\n<p>Los afiliados a la Seguridad del IMSS en M\u00e9xico disponen de su Tarjet\u00f3n Digital durante toda su vida laboral y lo siguen manteniendo una vez jubilados. Puedes realizar tus tr\u00e1mites en l\u00ednea con tu tarjet\u00f3n digital a trav\u00e9s de liga la\u00a0<strong>www.imss.gob.mx<\/strong><\/p>\n<h2><a href=\"https:\/\/www.renovarpapeles.com.mx\/tramites\/www-toka-com-mxeasyvale-consulta-de-saldo\/\">Easyvale<\/a><\/h2>\n<p><strong>Easyvale<\/strong> es tu monedero electr\u00f3nico SAT m\u00e1s potente del mercado y puedes acceder a el con las mejores ofertas del mercado utilizando con su vale de despensa electr\u00f3nica ofrecido por TOKA a trav\u00e9s de su liga <strong>toka.com.mx<\/strong><\/p>\n<h2><a href=\"https:\/\/www.renovarpapeles.com.mx\/tramites\/descargar-mi-talon-de-pago-del-portal-seiem\/\">Portal SEIEM<\/a><\/h2>\n<p>Los\u00a0Servicios Educativos Integrados al Estado de M\u00e9xico ofrecen todos sus servicios integrales para la comunidad educativa de M\u00e9xico a trav\u00e9s de <strong>Mi Portal SEIEM<\/strong> accesible desde <strong>miportalfone.mx\/mi-portal-seiem<\/strong> integrado al 100% y de forma gratuita desde su portal.<\/p>\n<h2><a href=\"https:\/\/www.renovarpapeles.com.mx\/tramites\/www-masorden-com-consultar-recibos-de-nomina\/\">Mas Orden<\/a><\/h2>\n<p>Consulta tus recibos de n\u00f3mina y toda tu informaci\u00f3n personal y laboral a trav\u00e9s del portal autoservicio +ORDEN ofrecido a trav\u00e9s de <strong>www.masorden.com<\/strong><\/p>\n<h2><a href=\"https:\/\/www.renovarpapeles.com.mx\/tramites\/porta-autoservicios-sems\/\">Portalautoservicios<\/a><\/h2>\n<p>Accede al Portalautoservicios de la SEP y descarga tus talones y comprobantes de pago por meses o quincenas a trav\u00e9s del sitio <strong>portalautoservicios-df.sep.gob.mx<\/strong><\/p>\n<h2>Tr\u00e1mites Online M\u00e9xico<\/h2>\n<p>Encuentra m\u00e1s tr\u00e1mites en L\u00ednea en <strong>Renovar Papeles M\u00e9xico\u00a0<\/strong>a trav\u00e9s de los enlaces, escr\u00edbenos o deja un comentario:<\/p>\n<ul>\n<li><a href=\"https:\/\/www.renovarpapeles.com.mx\/tramites\/issste\/\">ISSSTE<\/a><\/li>\n<li><a href=\"https:\/\/www.renovarpapeles.com.mx\/tramites\/micrositio-siie-web-7\/\">SIIEWEB<\/a><\/li>\n<li><a href=\"https:\/\/www.renovarpapeles.com.mx\/tramites\/unadm-sigue\/\">unADM SIGE<\/a><\/li>\n<li><a href=\"https:\/\/www.renovarpapeles.com.mx\/registrar-cuts\/\">Registrar CUTS<\/a><\/li>\n<li><a href=\"https:\/\/www.renovarpapeles.com.mx\/tramites\/g2g-estado-de-mexico-comprobante-de-percepciones-y-deducciones\/\">2g2<\/a><\/li>\n<li><a href=\"https:\/\/www.renovarpapeles.com.mx\/tramites\/www-infonavit-org-mx-seccion-trabajadores\/\">INFONAVIT<\/a><\/li>\n<li><a href=\"http:\/\/www.renovarpapeles.com.mx\/tramites\/www-cfe-gob-mx-como-saber-cuanto-debo\/\">Imprimir Recibo de Luz<\/a><\/li>\n<\/ul>\n","protected":false},"excerpt":{"rendered":"<p>Renovar Papeles Mexico\u00a0es un reconocido weblog de Tr\u00e1mites Online y servicios en l\u00ednea en M\u00e9xico.\u00a0Encuentra toda la informaci\u00f3n relevante sobre servicios en M\u00e9xico en todos los \u00e1mbitos sociales, econ\u00f3micos, educativos y administrativos a nivel local y estatal.\u00a0Navega en nuestra web RPMX para encontrar toda la informaci\u00f3n detallada para realizar tus tr\u00e1mites presenciales o en l\u00ednea&#8230;.<\/p>\n","protected":false},"author":1,"featured_media":0,"parent":0,"menu_order":0,"comment_status":"closed","ping_status":"closed","template":"","meta":{"_kadence_starter_templates_imported_post":false,"_kad_post_transparent":"default","_kad_post_title":"default","_kad_post_layout":"default","_kad_post_sidebar_id":"","_kad_post_content_style":"default","_kad_post_vertical_padding":"default","_kad_post_feature":"","_kad_post_feature_position":"","_kad_post_header":false,"_kad_post_footer":false,"footnotes":""},"class_list":["post-271741","page","type-page","status-publish","hentry"],"wps_subtitle":"","_links":{"self":[{"href":"https:\/\/www.renovarpapeles.com.mx\/tramites\/wp-json\/wp\/v2\/pages\/271741","targetHints":{"allow":["GET"]}}],"collection":[{"href":"https:\/\/www.renovarpapeles.com.mx\/tramites\/wp-json\/wp\/v2\/pages"}],"about":[{"href":"https:\/\/www.renovarpapeles.com.mx\/tramites\/wp-json\/wp\/v2\/types\/page"}],"author":[{"embeddable":true,"href":"https:\/\/www.renovarpapeles.com.mx\/tramites\/wp-json\/wp\/v2\/users\/1"}],"replies":[{"embeddable":true,"href":"https:\/\/www.renovarpapeles.com.mx\/tramites\/wp-json\/wp\/v2\/comments?post=271741"}],"version-history":[{"count":0,"href":"https:\/\/www.renovarpapeles.com.mx\/tramites\/wp-json\/wp\/v2\/pages\/271741\/revisions"}],"wp:attachment":[{"href":"https:\/\/www.renovarpapeles.com.mx\/tramites\/wp-json\/wp\/v2\/media?parent=271741"}],"curies":[{"name":"wp","href":"https:\/\/api.w.org\/{rel}","templated":true}]}}